{"id":598,"date":"2016-01-06T16:50:43","date_gmt":"2016-01-06T14:50:43","guid":{"rendered":"http:\/\/hightech-saxony.de\/acl\/?page_id=598"},"modified":"2016-01-07T19:08:37","modified_gmt":"2016-01-07T17:08:37","slug":"akademischer-stammtisch-2015","status":"publish","type":"page","link":"https:\/\/hightech-saxony.de\/acl\/aktivitaten\/akademischer-stammtisch-2015\/","title":{"rendered":"Akademischer Stammtisch 2015"},"content":{"rendered":"<ul style=\"padding-left: 30px\">\n<li>17.12.2015<br \/>\n<strong>Mitgliederversammlung<\/strong><\/li>\n<\/ul>\n<p style=\"padding-left: 30px\">Vorsitzender: Prof. Dr.-Ing. habil.\u00a0Prof. E.h. Dr. h.c.\u00a0Werner Hufenbach<br \/>\nStellv. Vorsitzender: Prof. Dr.-Ing. Niels Modler<br \/>\nSchatzmeister: Dr.-Ing. Martin Lepper<br \/>\nGesch\u00e4ftsf\u00fchrerin: Dipl.-Ing. Barbara R\u00f6llig<\/p>\n<p style=\"padding-left: 30px\">Ressort &#8222;Netzwerke&#8220;: Dr. Thomas Heber<br \/>\nRessort &#8222;Information&#8220;: Dipl.-Ing. Christian Vogel<br \/>\nRessort &#8222;Veranstaltungen&#8220;: Dipl.-Ing. Robin H\u00f6hne<\/p>\n<ul style=\"padding-left: 30px\">\n<li>08.10.2015<br \/>\n<strong>Rotor blade testing at KIMS<\/strong><br \/>\nDr. Soon Yoon, Korean Institute of\u00a0 Materials Science (KIMS)<\/li>\n<\/ul>\n<ul style=\"padding-left: 30px\">\n<li>06.08.2015 Sommerausflug<br \/>\n<strong>Gasturbinen-Heizkraftwerk &#8222;Nossener Br\u00fccke&#8220; der DREWAG, Dresden<\/strong><\/li>\n<\/ul>\n<p style=\"padding-left: 30px\"><a href=\"http:\/\/hightech-saxony.de\/acl\/wp-content\/uploads\/sites\/3\/2016\/01\/IMG_0599.jpg\"><img loading=\"lazy\" decoding=\"async\" class=\"wp-image-603 aligncenter\" src=\"http:\/\/hightech-saxony.de\/acl\/wp-content\/uploads\/sites\/3\/2016\/01\/IMG_0599-300x225.jpg\" alt=\"IMG_0599\" width=\"448\" height=\"336\" srcset=\"https:\/\/hightech-saxony.de\/acl\/wp-content\/uploads\/sites\/3\/2016\/01\/IMG_0599-300x225.jpg 300w, https:\/\/hightech-saxony.de\/acl\/wp-content\/uploads\/sites\/3\/2016\/01\/IMG_0599-1024x768.jpg 1024w\" sizes=\"(max-width: 448px) 100vw, 448px\" \/><\/a><\/p>\n<ul style=\"padding-left: 30px\">\n<li>04.06.2015 ACL-Nachwuchspreis<br \/>\n<strong>Kurzvorstellung der Bewerber f\u00fcr den ACL Preis zu den Themen:<\/strong><\/p>\n<ul style=\"padding-left: 30px\">\n<li>Franz Bilkenroth &#8211; Analytische und numerische Vorauslegung einer Schiffspropellerwelle in Faserverbundbauweise<\/li>\n<li>Eckart Kunze &#8211; Charakterisierung eines Hochtemperaturharzes und Bestimmung der Prozessparameter f\u00fcr das Hochdruck-RTM-Verfahren<\/li>\n<li>Alexander Rohkamm &#8211; Entwicklung und Inbetriebnahme einer Versuchsanlage zur kontinuierlichen Schmelzimpr\u00e4gnierung von Kohlenstoffaserrovings<\/li>\n<li>Marie Schinzel &#8211; Zerst\u00f6rungsfreie Pr\u00fcfverfahren zur Qualit\u00e4tssicherung von Hybridverbindungen in der Serienfertigung<\/li>\n<li>Arnd Struve &#8211; Realisierung eines neuartigen Systemkopfes f\u00fcr die FDM-3D-Drucktechnologie f\u00fcr die Verarbeitung von endlosfaserverst\u00e4rkten Hybridgarnen und Durchf\u00fchrung von Prozessstudien<\/li>\n<\/ul>\n<\/li>\n<\/ul>\n<ul style=\"padding-left: 30px\">\n<li>09.04.2015<br \/>\n<strong>\u00dcberblick CFK-Markt <\/strong><br \/>\nProf. Dr. rer.nat Hubert J\u00e4ger, Vorstandsmitglied des ILK, TU Dresden<\/li>\n<\/ul>\n<ul style=\"padding-left: 30px\">\n<li>05.02.2015<br \/>\n<strong>Einblicke in die Formholztechnologie<\/strong><br \/>\nProf. Dr.-Ing. Peer Haller, Leiter des Lehrstuhls f\u00fcr Ingenieurholzbau und baukonstruktives Entwerfen, TU Dresden<\/li>\n<\/ul>\n","protected":false},"excerpt":{"rendered":"<p>17.12.2015 Mitgliederversammlung Vorsitzender: Prof. Dr.-Ing. habil.\u00a0Prof. E.h. Dr. h.c.\u00a0Werner Hufenbach Stellv. Vorsitzender: Prof. Dr.-Ing. Niels Modler Schatzmeister: Dr.-Ing. Martin Lepper Gesch\u00e4ftsf\u00fchrerin: Dipl.-Ing. Barbara R\u00f6llig Ressort &#8222;Netzwerke&#8220;: Dr. Thomas Heber Ressort &#8222;Information&#8220;: Dipl.-Ing. Christian Vogel Ressort &#8222;Veranstaltungen&#8220;: Dipl.-Ing. Robin H\u00f6hne 08.10.2015 Rotor blade testing at KIMS Dr. Soon Yoon, Korean Institute of\u00a0 Materials Science (KIMS) 06.08.2015 &hellip; <a href=\"https:\/\/hightech-saxony.de\/acl\/aktivitaten\/akademischer-stammtisch-2015\/\" class=\"more-link\"><span class=\"screen-reader-text\">Akademischer Stammtisch 2015<\/span> weiterlesen <span class=\"meta-nav\">&rarr;<\/span><\/a><\/p>\n","protected":false},"author":6,"featured_media":0,"parent":6,"menu_order":0,"comment_status":"open","ping_status":"open","template":"","meta":{"footnotes":""},"class_list":["post-598","page","type-page","status-publish","hentry"],"_links":{"self":[{"href":"https:\/\/hightech-saxony.de\/acl\/wp-json\/wp\/v2\/pages\/598"}],"collection":[{"href":"https:\/\/hightech-saxony.de\/acl\/wp-json\/wp\/v2\/pages"}],"about":[{"href":"https:\/\/hightech-saxony.de\/acl\/wp-json\/wp\/v2\/types\/page"}],"author":[{"embeddable":true,"href":"https:\/\/hightech-saxony.de\/acl\/wp-json\/wp\/v2\/users\/6"}],"replies":[{"embeddable":true,"href":"https:\/\/hightech-saxony.de\/acl\/wp-json\/wp\/v2\/comments?post=598"}],"version-history":[{"count":6,"href":"https:\/\/hightech-saxony.de\/acl\/wp-json\/wp\/v2\/pages\/598\/revisions"}],"predecessor-version":[{"id":612,"href":"https:\/\/hightech-saxony.de\/acl\/wp-json\/wp\/v2\/pages\/598\/revisions\/612"}],"up":[{"embeddable":true,"href":"https:\/\/hightech-saxony.de\/acl\/wp-json\/wp\/v2\/pages\/6"}],"wp:attachment":[{"href":"https:\/\/hightech-saxony.de\/acl\/wp-json\/wp\/v2\/media?parent=598"}],"curies":[{"name":"wp","href":"https:\/\/api.w.org\/{rel}","templated":true}]}}