{"id":109,"date":"2011-06-16T11:17:53","date_gmt":"2011-06-16T09:17:53","guid":{"rendered":"http:\/\/wwwilk.mw.tu-dresden.de\/wpacl\/?page_id=109"},"modified":"2017-03-29T11:28:27","modified_gmt":"2017-03-29T09:28:27","slug":"acl-preis","status":"publish","type":"page","link":"https:\/\/hightech-saxony.de\/acl\/aktivitaten\/acl-preis\/","title":{"rendered":"Nachwuchspreis-Archiv"},"content":{"rendered":"<div>\n<div>\n<div>\n<div>\n<p><strong>Nachwuchspreis Leichtbau 2016<\/strong><\/p>\n<ul>\n<li>Dipl.-Ing. Tom Ehrig<br \/>\nPh\u00e4nomenologische Untersuchung und Charakterisierung eines hochsensitiven Kohlenstofffasersensors zur Erfassung von Dehnungen<\/li>\n<li>Dipl.-Ing. Stefan Trenkler<br \/>\nEtablierung von technologisch-wirtschaftlichen Analysemethoden zur Evaluierung von Prozessketten<\/li>\n<li>Dipl.-Ing. Christian D\u00fcreth<br \/>\nEntwicklung einer optischen Messmethode zur automatisierbaren Erkennung und Quantifizierung von Zwischenfaserbr\u00fcchen (Zfb) in endlosfaserverst\u00e4rkten Kunststoffen<\/li>\n<\/ul>\n<figure id=\"attachment_709\" aria-describedby=\"caption-attachment-709\" style=\"width: 679px\" class=\"wp-caption alignnone\"><a href=\"http:\/\/hightech-saxony.de\/acl\/wp-content\/uploads\/sites\/3\/2011\/06\/160609_LBS_Kirsten_Tanja_TUD_ILK-44.jpg\"><img loading=\"lazy\" decoding=\"async\" class=\"wp-image-709 size-full\" src=\"http:\/\/hightech-saxony.de\/acl\/wp-content\/uploads\/sites\/3\/2011\/06\/160609_LBS_Kirsten_Tanja_TUD_ILK-44.jpg\" alt=\"\" width=\"679\" height=\"450\" srcset=\"https:\/\/hightech-saxony.de\/acl\/wp-content\/uploads\/sites\/3\/2011\/06\/160609_LBS_Kirsten_Tanja_TUD_ILK-44.jpg 679w, https:\/\/hightech-saxony.de\/acl\/wp-content\/uploads\/sites\/3\/2011\/06\/160609_LBS_Kirsten_Tanja_TUD_ILK-44-300x199.jpg 300w\" sizes=\"(max-width: 679px) 100vw, 679px\" \/><\/a><figcaption id=\"caption-attachment-709\" class=\"wp-caption-text\">ACL-Preisverleihung beim 20. Dresdner Leichtbausymposium, v.l.n.r.: Christian D\u00fcreth, Stefan Trenkler, Tom Ehrig und Prof. Dr.-Ing. habil. Prof. E.h. Dr. h.c. Werner Hufenbach<\/figcaption><\/figure>\n<p><strong>Nachwuchspreis Leichtbau 2015<\/strong><\/p>\n<ul>\n<li>Dipl.-Ing. Arnd Struve<br \/>\nRealisierung eines neuartigen Systemkopfes f\u00fcr die FDM-3D-Drucktechnologie f\u00fcr die Verarbeitung von endlosfaserverst\u00e4rkten Hybridgarnen und Durchf\u00fchrung von Prozessstudien<\/li>\n<li>Dipl.-Ing. Alexander Rohkamm<br \/>\nEntwicklung und Inbetriebnahme einer Versuchsanlage zur kontinuierlichen<br \/>\nSchmelzimpr\u00e4gnierung von Kohlenstofffaserrovings<\/li>\n<li>Dipl.-Ing. Marie Schinzel<br \/>\nZerst\u00f6rungsfreie Pr\u00fcfverfahren zur Qualit\u00e4tssicherung von Hybridverbindungen in der Serienfertigung<\/li>\n<\/ul>\n<figure id=\"attachment_517\" aria-describedby=\"caption-attachment-517\" style=\"width: 864px\" class=\"wp-caption alignnone\"><a href=\"http:\/\/hightech-saxony.de\/acl\/wp-content\/uploads\/sites\/3\/2011\/06\/1.jpg\"><img loading=\"lazy\" decoding=\"async\" class=\"aligncenter wp-image-606 size-full\" src=\"http:\/\/hightech-saxony.de\/acl\/wp-content\/uploads\/sites\/3\/2011\/06\/1.jpg\" alt=\"1\" width=\"864\" height=\"572\" srcset=\"https:\/\/hightech-saxony.de\/acl\/wp-content\/uploads\/sites\/3\/2011\/06\/1.jpg 864w, https:\/\/hightech-saxony.de\/acl\/wp-content\/uploads\/sites\/3\/2011\/06\/1-300x198.jpg 300w\" sizes=\"(max-width: 864px) 100vw, 864px\" \/><\/a><figcaption id=\"caption-attachment-517\" class=\"wp-caption-text\">Nachwuchspreis Leichtbau 2015<\/figcaption><\/figure>\n<p><strong>Nachwuchspreis Leichtbau 2014<\/strong><\/p>\n<ul>\n<li>Dipl.-Ing. Oliver Weissenborn<br \/>\nUntersuchungen zur integralen Herstellung neuartiger Sandwichstrukturen im<br \/>\nPolyurethan-(PUR)-Spr\u00fchverfahren<\/li>\n<li>Dipl.-Ing. Tino Wollmann<br \/>\nEntwicklung einer Verdichterschaufel aus kohlenstofffaserverst\u00e4rktem Kunststoff mit verbesserten Schwingungsverhalten<\/li>\n<li>Dipl.-Ing. Karsten Tittmann<br \/>\nUntersuchungen zum Einsatz von Faserverbundwerkstoffen zur Reduktion<br \/>\nvon Masse und Schallabstrahlung in Nutzfahrzeug-Getriebegeh\u00e4usen<\/li>\n<li>cand. ing. Marcel Hillebrandt<br \/>\nKombinierte Tests d\u00fcnner CFK-Masten in Verbindung mit einem flexiblen Interface<br \/>\nunter kombinierter Quer- und Axialkraft<\/li>\n<\/ul>\n<p><strong>Nachwuchspreis Leichtbau 2013<\/strong><\/p>\n<\/div>\n<ul>\n<li>Dipl.-Ing. Stefan Fehse<br \/>\nHerstellung, Charakterisierung und Spritzgie\u00dfsimulation von biobasierten Compounds<\/li>\n<li>Dipl.-Ing. Michael M\u00fcller<br \/>\nUntersuchungen zum Verzugsverhalten von RTM-Bauteilen infolge chemischer und thermischer Dehnungen w\u00e4hrend des Aush\u00e4rtevorganges<\/li>\n<li>Dipl.-Ing. Erazem Mirtic<br \/>\nConstituent-Based Numerical Failure Body Derivation of Composite Materials on Example of Carbon Reinforced Aluminum<\/li>\n<\/ul>\n<p><strong>Nachwuchspreis Leichtbau 2012<\/strong><\/p>\n<\/div>\n<ul>\n<li>Dipl.-Ing. Farbod Nosrat Nezami<br \/>\nStrategieentwicklung zur leichtbaugerechten Gestaltung eines Hinterachstr\u00e4gers<\/li>\n<li>Dipl.-Ing. Alexander Liebsch<br \/>\nSkalen\u00fcbergreifende Modellierung des Werkstoffverhaltens von Kohlenstoff-Epoxydharz-Verbunden<\/li>\n<\/ul>\n<p><strong>Nachwuchspreis Leichtbau 2011<\/strong><\/p>\n<\/div>\n<ul>\n<li>Dipl.-Ing. Sebastian Rothenberg<br \/>\nRessourceneffizienzpotenziale durch Umsetzung des Leichtbaus unter Nutzung neuartiger Werkstoffe<\/li>\n<li>Dipl.-Ing. Mathias Kliem<br \/>\nGestaltung und Berechnung einer Leichtbau-Profilwelle aus textilverst\u00e4rktem Kunststoff<\/li>\n<li>Dipl.-Ing. Thomas Bartl<br \/>\nVorhersage des Festigkeits- und Steifigkeitsverhaltens nicht-orthogonaler Faserverbunde<\/li>\n<li>cand. ing. Maria Schleicher<br \/>\nUntersuchung des Medieneinflusses verschiedener Tr\u00e4ger\u00f6le f\u00fcr magnetorheologische Fluide auf die Langzeitstabilit\u00e4t der Polymermatrizen von Mehrkomponentenwerkstoffen<\/li>\n<\/ul>\n<figure id=\"attachment_517\" aria-describedby=\"caption-attachment-517\" style=\"width: 800px\" class=\"wp-caption alignnone\"><a href=\"http:\/\/hightech-saxony.de\/acl\/wp-content\/uploads\/sites\/3\/2011\/06\/2011.jpg\"><img loading=\"lazy\" decoding=\"async\" class=\"size-full wp-image-517\" src=\"http:\/\/hightech-saxony.de\/acl\/wp-content\/uploads\/sites\/3\/2011\/06\/2011.jpg\" alt=\"Nachwuchspreis Leichtbau 2011\" width=\"800\" height=\"533\" srcset=\"https:\/\/hightech-saxony.de\/acl\/wp-content\/uploads\/sites\/3\/2011\/06\/2011.jpg 800w, https:\/\/hightech-saxony.de\/acl\/wp-content\/uploads\/sites\/3\/2011\/06\/2011-300x199.jpg 300w\" sizes=\"(max-width: 800px) 100vw, 800px\" \/><\/a><figcaption id=\"caption-attachment-517\" class=\"wp-caption-text\">Nachwuchspreis Leichtbau 2011<\/figcaption><\/figure>\n<div><strong>Nachwuchspreis Leichtbau 2010<\/strong><\/div>\n<ul>\n<li>Dipl.-Ing. Sebastian Spitzer<br \/>\nEntwicklung einer Leichtbau-Klemmzange mit kraft\u00fcbersetzender Bet\u00e4tigungskinematik f\u00fcr ein Vibrationsrammger\u00e4t<\/li>\n<li>Dipl.-Ing. Tino Kockel<br \/>\nErarbeitung eines CLT-basierten inversen Ansatzes zur Berechnung von UD-Einzellageneigenschaften aus Mehrschichtverbundkennwerten<\/li>\n<li>cand. ing. Michael Anders<br \/>\nAnalyse des sukzessiven Sch\u00e4digungsverhaltens von faserverst\u00e4rkten Verbundwerkstoffen mit Hilfe integrierter drahtloser Sensornetzwerke<\/li>\n<li>cand. ing. Konstantin Schubert<br \/>\nSch\u00e4digungsanalyse 3D-textilverst\u00e4rkter Kunststoffverbunde bei\u00a0zyklischer Belastung unter besonderer Ber\u00fccksichtigung des\u00a0Mittelspannungseinflusses\u201c<\/li>\n<\/ul>\n<figure id=\"attachment_516\" aria-describedby=\"caption-attachment-516\" style=\"width: 800px\" class=\"wp-caption alignnone\"><a href=\"http:\/\/hightech-saxony.de\/acl\/wp-content\/uploads\/sites\/3\/2011\/06\/2010.jpg\"><img loading=\"lazy\" decoding=\"async\" class=\"size-full wp-image-516\" src=\"http:\/\/hightech-saxony.de\/acl\/wp-content\/uploads\/sites\/3\/2011\/06\/2010.jpg\" alt=\"Nachwuchspreis Leichtbau 2010\" width=\"800\" height=\"533\" srcset=\"https:\/\/hightech-saxony.de\/acl\/wp-content\/uploads\/sites\/3\/2011\/06\/2010.jpg 800w, https:\/\/hightech-saxony.de\/acl\/wp-content\/uploads\/sites\/3\/2011\/06\/2010-300x199.jpg 300w\" sizes=\"(max-width: 800px) 100vw, 800px\" \/><\/a><figcaption id=\"caption-attachment-516\" class=\"wp-caption-text\">Nachwuchspreis Leichtbau 2010<\/figcaption><\/figure>\n<div><strong>Nachwuchspreis Leichtbau 2009<\/strong><\/div>\n<ul>\n<li>Dipl.-Ing. Ralf Bochynek<br \/>\nNumerische Analyse des mikromechanischen Sch\u00e4digungsverhaltens 3D-textilverst\u00e4rkter Verbundwerkstoffe am Beispiel von Mehrlagengestrick-Verbunden<\/li>\n<li>Dipl.-Ing. Christian Garthaus<br \/>\nEinfluss von Faserwelligkeiten auf das mechanische Verhalten von Faserverbundwerkstoffen<\/li>\n<li>Dipl.-Ing. Daniela S\u00f6rnitz<br \/>\nOptimierung und Charakterisierung der Flammschutzeigenschaften von nanopartikelmodifizierten Injektionsharzsystemen<\/li>\n<\/ul>\n<figure id=\"attachment_515\" aria-describedby=\"caption-attachment-515\" style=\"width: 800px\" class=\"wp-caption alignnone\"><a href=\"http:\/\/hightech-saxony.de\/acl\/wp-content\/uploads\/sites\/3\/2011\/06\/2009.jpg\"><img loading=\"lazy\" decoding=\"async\" class=\"size-full wp-image-515\" src=\"http:\/\/hightech-saxony.de\/acl\/wp-content\/uploads\/sites\/3\/2011\/06\/2009.jpg\" alt=\"Nachwuchspreis Leichtbau 2009\" width=\"800\" height=\"532\" srcset=\"https:\/\/hightech-saxony.de\/acl\/wp-content\/uploads\/sites\/3\/2011\/06\/2009.jpg 800w, https:\/\/hightech-saxony.de\/acl\/wp-content\/uploads\/sites\/3\/2011\/06\/2009-300x199.jpg 300w\" sizes=\"(max-width: 800px) 100vw, 800px\" \/><\/a><figcaption id=\"caption-attachment-515\" class=\"wp-caption-text\">Nachwuchspreis Leichtbau 2009<\/figcaption><\/figure>\n<div><strong>Nachwuchspreis Leichtbau 2008<\/strong><\/div>\n<div>\n<p><!-- p.p1 {margin: 0.0px 0.0px 0.0px 0.0px; font: 10.0px 'Courier New'} p.p2 {margin: 0.0px 0.0px 0.0px 0.0px; font: 10.0px 'Courier New'; min-height: 11.0px} --><\/p>\n<ul>\n<li>Dipl.-Ing. Frank Lucas<br \/>\nNumerische und experimentelle Untersuchung zur Gestaltung neuartiger thermoplastverbundkompatibler Piezokeramik-Module<\/li>\n<li>Dipl.-Ing. Daniel Wohlfahrt<br \/>\nExperimentelle Analyse des Impactverhaltens neuartiger multiaxial verst\u00e4rkter Textilverbunde aus Hybridgarngestricken mittelszerst\u00f6rungsfreier Pr\u00fcfmethoden unter besonderer Ber\u00fccksichtigung des hochdynamischen Verformungsverhaltens<\/li>\n<li>Dipl.-Ing. Felix Schmeing<br \/>\nDurchg\u00e4ngige Variablen\u00fcbertragung in der integralen Simulation von Umform- und Crashvorg\u00e4ngen<\/li>\n<\/ul>\n<p>&nbsp;<\/p>\n<\/div>\n<div><strong>Nachwuchspreis Leichtbau 2007<\/strong><\/div>\n<div>\n<ul>\n<li>Dipl.-Ing. Tony Weber<br \/>\nExperimentelle und numerische Untersuchungen von tiefgezogenen\u00a0 Verbundblechen<\/li>\n<li>Dipl.-Ing. Stefan Holzhausen<br \/>\nMinimierung der Schallabstrahlung anisotroper Mehr-schichtverbunde mittels Faserwinkeloptimierung auf Basis Evolution\u00e4rer Algorithmen<\/li>\n<li>Dipl.-Ing. Nico Weckend<br \/>\nEntwicklung eines integralen Mehrmethoden-Messsystems f\u00fcr einen instrumentalisierten Berstschutzpr\u00fcfstand<\/li>\n<li>Dipl.-Ing. Anja Winkler<br \/>\nUntersuchungen zum Einsatzpotenzial biogener Keramik f\u00fcr Leichtbau-Tragstrukturen<\/li>\n<li>Dipl.-Ing. Daniel Weck<br \/>\nEntwicklung eines Leichtbaul\u00e4ufers f\u00fcr permanenterregte Elektromotoren<\/li>\n<\/ul>\n<\/div>\n<\/div>\n","protected":false},"excerpt":{"rendered":"<p>Nachwuchspreis Leichtbau 2016 Dipl.-Ing. Tom Ehrig Ph\u00e4nomenologische Untersuchung und Charakterisierung eines hochsensitiven Kohlenstofffasersensors zur Erfassung von Dehnungen Dipl.-Ing. Stefan Trenkler Etablierung von technologisch-wirtschaftlichen Analysemethoden zur Evaluierung von Prozessketten Dipl.-Ing. Christian D\u00fcreth Entwicklung einer optischen Messmethode zur automatisierbaren Erkennung und Quantifizierung von Zwischenfaserbr\u00fcchen (Zfb) in endlosfaserverst\u00e4rkten Kunststoffen Nachwuchspreis Leichtbau 2015 Dipl.-Ing. Arnd Struve Realisierung eines neuartigen &hellip; <a href=\"https:\/\/hightech-saxony.de\/acl\/aktivitaten\/acl-preis\/\" class=\"more-link\"><span class=\"screen-reader-text\">Nachwuchspreis-Archiv<\/span> weiterlesen <span class=\"meta-nav\">&rarr;<\/span><\/a><\/p>\n","protected":false},"author":2,"featured_media":0,"parent":6,"menu_order":2,"comment_status":"closed","ping_status":"open","template":"onecolumn-page.php","meta":{"footnotes":""},"class_list":["post-109","page","type-page","status-publish","hentry"],"_links":{"self":[{"href":"https:\/\/hightech-saxony.de\/acl\/wp-json\/wp\/v2\/pages\/109"}],"collection":[{"href":"https:\/\/hightech-saxony.de\/acl\/wp-json\/wp\/v2\/pages"}],"about":[{"href":"https:\/\/hightech-saxony.de\/acl\/wp-json\/wp\/v2\/types\/page"}],"author":[{"embeddable":true,"href":"https:\/\/hightech-saxony.de\/acl\/wp-json\/wp\/v2\/users\/2"}],"replies":[{"embeddable":true,"href":"https:\/\/hightech-saxony.de\/acl\/wp-json\/wp\/v2\/comments?post=109"}],"version-history":[{"count":31,"href":"https:\/\/hightech-saxony.de\/acl\/wp-json\/wp\/v2\/pages\/109\/revisions"}],"predecessor-version":[{"id":712,"href":"https:\/\/hightech-saxony.de\/acl\/wp-json\/wp\/v2\/pages\/109\/revisions\/712"}],"up":[{"embeddable":true,"href":"https:\/\/hightech-saxony.de\/acl\/wp-json\/wp\/v2\/pages\/6"}],"wp:attachment":[{"href":"https:\/\/hightech-saxony.de\/acl\/wp-json\/wp\/v2\/media?parent=109"}],"curies":[{"name":"wp","href":"https:\/\/api.w.org\/{rel}","templated":true}]}}